{"id":12,"date":"2021-02-16T15:32:17","date_gmt":"2021-02-16T14:32:17","guid":{"rendered":"https:\/\/www.nocturne-drones.aero\/?page_id=12"},"modified":"2025-06-03T13:41:11","modified_gmt":"2025-06-03T11:41:11","slug":"impressum","status":"publish","type":"page","link":"https:\/\/www.nocturne-drones.aero\/es\/impressum\/","title":{"rendered":"Pie de imprenta"},"content":{"rendered":"<div data-elementor-type=\"wp-page\" data-elementor-id=\"12\" class=\"elementor elementor-12\">\n\t\t\t\t\t\t<section class=\"elementor-section elementor-top-section elementor-element elementor-element-1f5ffe00 elementor-section-height-min-height elementor-section-boxed elementor-section-height-default elementor-section-items-middle\" data-id=\"1f5ffe00\" data-element_type=\"section\" data-settings=\"{&quot;background_background&quot;:&quot;classic&quot;}\">\n\t\t\t\t\t\t\t<div class=\"elementor-background-overlay\"><\/div>\n\t\t\t\t\t\t\t<div class=\"elementor-container elementor-column-gap-no\">\n\t\t\t\t\t<div class=\"elementor-column elementor-col-100 elementor-top-column elementor-element elementor-element-219636a8\" data-id=\"219636a8\" data-element_type=\"column\" data-settings=\"{&quot;background_background&quot;:&quot;classic&quot;}\">\n\t\t\t<div class=\"elementor-widget-wrap elementor-element-populated\">\n\t\t\t\t\t\t<div class=\"elementor-element elementor-element-75c85962 elementor-widget elementor-widget-heading\" data-id=\"75c85962\" data-element_type=\"widget\" data-widget_type=\"heading.default\">\n\t\t\t\t<div class=\"elementor-widget-container\">\n\t\t\t\t\t<h1 class=\"elementor-heading-title elementor-size-default\">Pie de imprenta<\/h1>\t\t\t\t<\/div>\n\t\t\t\t<\/div>\n\t\t\t\t\t<\/div>\n\t\t<\/div>\n\t\t\t\t\t<\/div>\n\t\t<\/section>\n\t\t\t\t<section class=\"elementor-section elementor-top-section elementor-element elementor-element-2b4b778e elementor-section-boxed elementor-section-height-default elementor-section-height-default\" data-id=\"2b4b778e\" data-element_type=\"section\" data-settings=\"{&quot;background_background&quot;:&quot;classic&quot;}\">\n\t\t\t\t\t\t<div class=\"elementor-container elementor-column-gap-default\">\n\t\t\t\t\t<div class=\"elementor-column elementor-col-100 elementor-top-column elementor-element elementor-element-4d49797f\" data-id=\"4d49797f\" data-element_type=\"column\">\n\t\t\t<div class=\"elementor-widget-wrap elementor-element-populated\">\n\t\t\t\t\t\t<div class=\"elementor-element elementor-element-366b7ed9 elementor-widget elementor-widget-text-editor\" data-id=\"366b7ed9\" data-element_type=\"widget\" data-widget_type=\"text-editor.default\">\n\t\t\t\t<div class=\"elementor-widget-container\">\n\t\t\t\t\t\t\t\t\t<p style=\"font-size: 14pt;\">Nocturne\u00ae Drones GmbH <br>\nQ1 Campus portuario <br>\nRheinstra\u00dfe 82 <br>\n49090 Osnabr\u00fcck <br>\nAlemania<\/p> <\/span>\n\n<div><\/div>\n<span style=\"font-size: 14pt;\">Tel.: +49 5428 3639883 <br> \nFax: +49 5428 3639884<br> <\/span>\n\n<span style=\"font-size: 14pt;\">Correo electr\u00f3nico: <u>hello@nocturne-drones.aero<\/u><br> <\/span>\n<span style=\"font-size: 14pt;\">Web: www.nocturne-drones.aero<\/span> <br> <br>\n\n<span style=\"font-size: 14pt;\">Juzgado de Primera Instancia de Osnabr\u00fcck<\/span> <br>\n<span style=\"font-size: 14pt;\">HRB 214868<\/span> <br>\n<span style=\"font-size: 14pt;\">Director General: Jens Hillenk\u00f6tter<\/span> <br>\n\n<span style=\"font-size: 14pt;\">USt-IdNr. \/ IVA: DE331245537<\/span>\t\t\t\t\t\t\t\t<\/div>\n\t\t\t\t<\/div>\n\t\t\t\t\t<\/div>\n\t\t<\/div>\n\t\t\t\t\t<\/div>\n\t\t<\/section>\n\t\t\t\t<section class=\"elementor-section elementor-top-section elementor-element elementor-element-1d848078 elementor-section-boxed elementor-section-height-default elementor-section-height-default\" data-id=\"1d848078\" data-element_type=\"section\" data-settings=\"{&quot;background_background&quot;:&quot;classic&quot;}\">\n\t\t\t\t\t\t<div class=\"elementor-container elementor-column-gap-default\">\n\t\t\t\t\t<div class=\"elementor-column elementor-col-100 elementor-top-column elementor-element elementor-element-a565b7\" data-id=\"a565b7\" data-element_type=\"column\">\n\t\t\t<div class=\"elementor-widget-wrap elementor-element-populated\">\n\t\t\t\t\t\t<div class=\"elementor-element elementor-element-19021e1a elementor-widget elementor-widget-heading\" data-id=\"19021e1a\" data-element_type=\"widget\" data-widget_type=\"heading.default\">\n\t\t\t\t<div class=\"elementor-widget-container\">\n\t\t\t\t\t<h3 class=\"elementor-heading-title elementor-size-default\">Menciones legales<\/h3>\t\t\t\t<\/div>\n\t\t\t\t<\/div>\n\t\t\t\t<div class=\"elementor-element elementor-element-7c68b2f5 elementor-widget elementor-widget-text-editor\" data-id=\"7c68b2f5\" data-element_type=\"widget\" data-widget_type=\"text-editor.default\">\n\t\t\t\t<div class=\"elementor-widget-container\">\n\t\t\t\t\t\t\t\t\t<p style=\"text-align: justify;\"><span style=\"font-size: 14pt;\">La informaci\u00f3n proporcionada en el sitio web de Nocturne\u00ae Drones GmbH (en lo sucesivo, \"Nocturne\u00ae Drones GmbH\") se actualiza y complementa de forma continua con el m\u00e1ximo cuidado. No se puede garantizar que los datos facilitados sean correctos y completos, ya que no se pueden descartar por completo los cambios que se hayan producido entretanto. Esto tambi\u00e9n se aplica a todos los sitios web de terceros a los que se hace referencia mediante hiperv\u00ednculos. Nocturne\u00ae Drones GmbH no se hace responsable de la informaci\u00f3n contenida en los mismos a los que los hiperv\u00ednculos simplemente proporcionan acceso para su uso. Nocturne\u00ae Drones GmbH excluye cualquier responsabilidad en el contexto mencionado. El contenido y el dise\u00f1o del sitio web de Nocturne\u00ae Drones GmbH est\u00e1n protegidos por derechos de autor. La reproducci\u00f3n de los datos y la informaci\u00f3n que contiene requiere el consentimiento previo por escrito de Nocturne\u00ae Drones GmbH.<\/span><\/p><p><span style=\"font-size: 14pt;\"><strong><i>Resoluci\u00f3n de litigios en materia de reclamaciones de los consumidores:<\/i><\/strong><b><i><br \/><\/i><\/b><i>La Comisi\u00f3n Europea ofrece una plataforma para la resoluci\u00f3n de litigios en l\u00ednea (ODR)<\/i><i>:\u00a0<\/i><i>http:\/\/ec.europa.eu\/consumers\/od<\/i><i>r<\/i><\/span><\/p><p><span style=\"font-size: 14pt;\"><i>Queremos se\u00f1alar que no estamos obligados ni dispuestos a participar en un procedimiento de resoluci\u00f3n de litigios ante una junta arbitral de consumo.<\/i><\/span><\/p>\t\t\t\t\t\t\t\t<\/div>\n\t\t\t\t<\/div>\n\t\t\t\t\t<\/div>\n\t\t<\/div>\n\t\t\t\t\t<\/div>\n\t\t<\/section>\n\t\t\t\t<\/div>","protected":false},"excerpt":{"rendered":"<p>Impressum Nocturne\u00ae Drones GmbH Q1 Hafencampus Rheinstra\u00dfe 82 49090 Osnabr\u00fcck Germany Tel.: +49 5428 3639883 Fax: +49 5428 3639884 E-Mail: hello@nocturne-drones.aero Web: www.nocturne-drones.aero Amtsgericht Osnabr\u00fcck HRB 214868 Gesch\u00e4ftsf\u00fchrer \/ CEO: Jens Hillenk\u00f6tter USt-IdNr. \/ VAT: DE331245537 Rechtliche Hinweise Die auf den Webseiten der Nocturne\u00ae Drones GmbH (nachfolgend \u201eNocturne\u00ae Drones GmbH\u201c genannt) zur Verf\u00fcgung gestellten Informationen [&hellip;]<\/p>\n","protected":false},"author":2,"featured_media":0,"parent":0,"menu_order":0,"comment_status":"closed","ping_status":"closed","template":"","meta":{"_acf_changed":false,"footnotes":""},"class_list":["post-12","page","type-page","status-publish","hentry"],"acf":[],"_links":{"self":[{"href":"https:\/\/www.nocturne-drones.aero\/es\/wp-json\/wp\/v2\/pages\/12","targetHints":{"allow":["GET"]}}],"collection":[{"href":"https:\/\/www.nocturne-drones.aero\/es\/wp-json\/wp\/v2\/pages"}],"about":[{"href":"https:\/\/www.nocturne-drones.aero\/es\/wp-json\/wp\/v2\/types\/page"}],"author":[{"embeddable":true,"href":"https:\/\/www.nocturne-drones.aero\/es\/wp-json\/wp\/v2\/users\/2"}],"replies":[{"embeddable":true,"href":"https:\/\/www.nocturne-drones.aero\/es\/wp-json\/wp\/v2\/comments?post=12"}],"version-history":[{"count":15,"href":"https:\/\/www.nocturne-drones.aero\/es\/wp-json\/wp\/v2\/pages\/12\/revisions"}],"predecessor-version":[{"id":2116,"href":"https:\/\/www.nocturne-drones.aero\/es\/wp-json\/wp\/v2\/pages\/12\/revisions\/2116"}],"wp:attachment":[{"href":"https:\/\/www.nocturne-drones.aero\/es\/wp-json\/wp\/v2\/media?parent=12"}],"curies":[{"name":"wp","href":"https:\/\/api.w.org\/{rel}","templated":true}]}}