{"id":12,"date":"2021-02-16T15:32:17","date_gmt":"2021-02-16T14:32:17","guid":{"rendered":"https:\/\/www.nocturne-drones.aero\/?page_id=12"},"modified":"2025-06-03T13:41:11","modified_gmt":"2025-06-03T11:41:11","slug":"impressum","status":"publish","type":"page","link":"https:\/\/www.nocturne-drones.aero\/fr\/impressum\/","title":{"rendered":"Mentions l\u00e9gales"},"content":{"rendered":"<div data-elementor-type=\"wp-page\" data-elementor-id=\"12\" class=\"elementor elementor-12\">\n\t\t\t\t\t\t<section class=\"elementor-section elementor-top-section elementor-element elementor-element-1f5ffe00 elementor-section-height-min-height elementor-section-boxed elementor-section-height-default elementor-section-items-middle\" data-id=\"1f5ffe00\" data-element_type=\"section\" data-settings=\"{&quot;background_background&quot;:&quot;classic&quot;}\">\n\t\t\t\t\t\t\t<div class=\"elementor-background-overlay\"><\/div>\n\t\t\t\t\t\t\t<div class=\"elementor-container elementor-column-gap-no\">\n\t\t\t\t\t<div class=\"elementor-column elementor-col-100 elementor-top-column elementor-element elementor-element-219636a8\" data-id=\"219636a8\" data-element_type=\"column\" data-settings=\"{&quot;background_background&quot;:&quot;classic&quot;}\">\n\t\t\t<div class=\"elementor-widget-wrap elementor-element-populated\">\n\t\t\t\t\t\t<div class=\"elementor-element elementor-element-75c85962 elementor-widget elementor-widget-heading\" data-id=\"75c85962\" data-element_type=\"widget\" data-widget_type=\"heading.default\">\n\t\t\t\t<div class=\"elementor-widget-container\">\n\t\t\t\t\t<h1 class=\"elementor-heading-title elementor-size-default\">Mentions l\u00e9gales<\/h1>\t\t\t\t<\/div>\n\t\t\t\t<\/div>\n\t\t\t\t\t<\/div>\n\t\t<\/div>\n\t\t\t\t\t<\/div>\n\t\t<\/section>\n\t\t\t\t<section class=\"elementor-section elementor-top-section elementor-element elementor-element-2b4b778e elementor-section-boxed elementor-section-height-default elementor-section-height-default\" data-id=\"2b4b778e\" data-element_type=\"section\" data-settings=\"{&quot;background_background&quot;:&quot;classic&quot;}\">\n\t\t\t\t\t\t<div class=\"elementor-container elementor-column-gap-default\">\n\t\t\t\t\t<div class=\"elementor-column elementor-col-100 elementor-top-column elementor-element elementor-element-4d49797f\" data-id=\"4d49797f\" data-element_type=\"column\">\n\t\t\t<div class=\"elementor-widget-wrap elementor-element-populated\">\n\t\t\t\t\t\t<div class=\"elementor-element elementor-element-366b7ed9 elementor-widget elementor-widget-text-editor\" data-id=\"366b7ed9\" data-element_type=\"widget\" data-widget_type=\"text-editor.default\">\n\t\t\t\t<div class=\"elementor-widget-container\">\n\t\t\t\t\t\t\t\t\t<p style=\"font-size: 14pt;\">Nocturne\u00ae Drones GmbH <br>\nQ1 Campus portuaire <br>\nRue du Rhin 82 <br>\n49090 Osnabr\u00fcck <br>\nAllemagne<\/p> <\/span>\n\n<div><\/div>\n<span style=\"font-size: 14pt;\">T\u00e9l. : +49 5428 3639883 <br> \nT\u00e9l\u00e9copieur : +49 5428 3639884<br> <\/span>\n\n<span style=\"font-size: 14pt;\">Courrier \u00e9lectronique : <u>hello@nocturne-drones.aero<\/u><br> <\/span>\n<span style=\"font-size: 14pt;\">Web : www.nocturne-drones.aero<\/span> <br> <br>\n\n<span style=\"font-size: 14pt;\">Tribunal d'instance d'Osnabr\u00fcck<\/span> <br>\n<span style=\"font-size: 14pt;\">HRB 214868<\/span> <br>\n<span style=\"font-size: 14pt;\">Directeur g\u00e9n\u00e9ral \/ CEO : Jens Hillenk\u00f6tter<\/span> <br>\n\n<span style=\"font-size: 14pt;\">Num\u00e9ro de TVA \/ VAT : DE331245537<\/span>\t\t\t\t\t\t\t\t<\/div>\n\t\t\t\t<\/div>\n\t\t\t\t\t<\/div>\n\t\t<\/div>\n\t\t\t\t\t<\/div>\n\t\t<\/section>\n\t\t\t\t<section class=\"elementor-section elementor-top-section elementor-element elementor-element-1d848078 elementor-section-boxed elementor-section-height-default elementor-section-height-default\" data-id=\"1d848078\" data-element_type=\"section\" data-settings=\"{&quot;background_background&quot;:&quot;classic&quot;}\">\n\t\t\t\t\t\t<div class=\"elementor-container elementor-column-gap-default\">\n\t\t\t\t\t<div class=\"elementor-column elementor-col-100 elementor-top-column elementor-element elementor-element-a565b7\" data-id=\"a565b7\" data-element_type=\"column\">\n\t\t\t<div class=\"elementor-widget-wrap elementor-element-populated\">\n\t\t\t\t\t\t<div class=\"elementor-element elementor-element-19021e1a elementor-widget elementor-widget-heading\" data-id=\"19021e1a\" data-element_type=\"widget\" data-widget_type=\"heading.default\">\n\t\t\t\t<div class=\"elementor-widget-container\">\n\t\t\t\t\t<h3 class=\"elementor-heading-title elementor-size-default\">Mentions l\u00e9gales<\/h3>\t\t\t\t<\/div>\n\t\t\t\t<\/div>\n\t\t\t\t<div class=\"elementor-element elementor-element-7c68b2f5 elementor-widget elementor-widget-text-editor\" data-id=\"7c68b2f5\" data-element_type=\"widget\" data-widget_type=\"text-editor.default\">\n\t\t\t\t<div class=\"elementor-widget-container\">\n\t\t\t\t\t\t\t\t\t<p style=\"text-align: justify;\"><span style=\"font-size: 14pt;\">Les informations mises \u00e0 disposition sur les pages web de Nocturne\u00ae Drones GmbH (ci-apr\u00e8s d\u00e9nomm\u00e9e \"Nocturne\u00ae Drones GmbH\") sont actualis\u00e9es et compl\u00e9t\u00e9es en permanence avec le plus grand soin. Aucune garantie ne peut \u00eatre donn\u00e9e quant \u00e0 l'exactitude et l'exhaustivit\u00e9 des donn\u00e9es indiqu\u00e9es, \u00e9tant donn\u00e9 qu'une modification survenue entre-temps ne peut \u00eatre totalement exclue. Il en va de m\u00eame pour tous les sites web de tiers auxquels il est fait r\u00e9f\u00e9rence par un lien hypertexte. Nocturne\u00ae Drones GmbH n'est pas responsable des informations qui y sont contenues et auxquelles l'acc\u00e8s \u00e0 l'utilisation est simplement donn\u00e9 au moyen d'hyperliens. Nocturne\u00ae Drones GmbH d\u00e9cline toute responsabilit\u00e9 dans le contexte susmentionn\u00e9. Le contenu et la conception des pages web de Nocturne\u00ae Drones GmbH sont prot\u00e9g\u00e9s par les droits d'auteur. La reproduction des donn\u00e9es et des informations qu'il contient n\u00e9cessite l'accord \u00e9crit pr\u00e9alable de Nocturne\u00ae Drones GmbH.<\/span><\/p><p><span style=\"font-size: 14pt;\"><strong><i>le r\u00e8glement des litiges relatifs aux r\u00e9clamations des consommateurs :<\/i><\/strong><b><i><br \/><\/i><\/b><i>La Commission europ\u00e9enne met \u00e0 disposition une plateforme de r\u00e8glement en ligne des litiges (RLL)<\/i><i>:\u00a0<\/i><i>http:\/\/ec.europa.eu\/consumers\/od<\/i><i>r<\/i><\/span><\/p><p><span style=\"font-size: 14pt;\"><i>Nous attirons votre attention sur le fait que nous ne sommes ni oblig\u00e9s ni dispos\u00e9s \u00e0 participer \u00e0 une proc\u00e9dure de r\u00e8glement des litiges devant un organisme de conciliation des consommateurs.<\/i><\/span><\/p>\t\t\t\t\t\t\t\t<\/div>\n\t\t\t\t<\/div>\n\t\t\t\t\t<\/div>\n\t\t<\/div>\n\t\t\t\t\t<\/div>\n\t\t<\/section>\n\t\t\t\t<\/div>","protected":false},"excerpt":{"rendered":"<p>Impressum Nocturne\u00ae Drones GmbH Q1 Hafencampus Rheinstra\u00dfe 82 49090 Osnabr\u00fcck Germany Tel.: +49 5428 3639883 Fax: +49 5428 3639884 E-Mail: hello@nocturne-drones.aero Web: www.nocturne-drones.aero Amtsgericht Osnabr\u00fcck HRB 214868 Gesch\u00e4ftsf\u00fchrer \/ CEO: Jens Hillenk\u00f6tter USt-IdNr. \/ VAT: DE331245537 Rechtliche Hinweise Die auf den Webseiten der Nocturne\u00ae Drones GmbH (nachfolgend \u201eNocturne\u00ae Drones GmbH\u201c genannt) zur Verf\u00fcgung gestellten Informationen [&hellip;]<\/p>\n","protected":false},"author":2,"featured_media":0,"parent":0,"menu_order":0,"comment_status":"closed","ping_status":"closed","template":"","meta":{"_acf_changed":false,"footnotes":""},"class_list":["post-12","page","type-page","status-publish","hentry"],"acf":[],"_links":{"self":[{"href":"https:\/\/www.nocturne-drones.aero\/fr\/wp-json\/wp\/v2\/pages\/12","targetHints":{"allow":["GET"]}}],"collection":[{"href":"https:\/\/www.nocturne-drones.aero\/fr\/wp-json\/wp\/v2\/pages"}],"about":[{"href":"https:\/\/www.nocturne-drones.aero\/fr\/wp-json\/wp\/v2\/types\/page"}],"author":[{"embeddable":true,"href":"https:\/\/www.nocturne-drones.aero\/fr\/wp-json\/wp\/v2\/users\/2"}],"replies":[{"embeddable":true,"href":"https:\/\/www.nocturne-drones.aero\/fr\/wp-json\/wp\/v2\/comments?post=12"}],"version-history":[{"count":15,"href":"https:\/\/www.nocturne-drones.aero\/fr\/wp-json\/wp\/v2\/pages\/12\/revisions"}],"predecessor-version":[{"id":2116,"href":"https:\/\/www.nocturne-drones.aero\/fr\/wp-json\/wp\/v2\/pages\/12\/revisions\/2116"}],"wp:attachment":[{"href":"https:\/\/www.nocturne-drones.aero\/fr\/wp-json\/wp\/v2\/media?parent=12"}],"curies":[{"name":"wp","href":"https:\/\/api.w.org\/{rel}","templated":true}]}}